{"id":1575,"date":"2017-12-15T06:41:56","date_gmt":"2017-12-15T06:41:56","guid":{"rendered":"https:\/\/www.ascent-avocats.fr\/?page_id=1575\/"},"modified":"2024-12-17T20:15:55","modified_gmt":"2024-12-17T18:15:55","slug":"ascent","status":"publish","type":"page","link":"https:\/\/www.ascent-avocats.fr\/en\/ascent\/","title":{"rendered":"Ascent"},"content":{"rendered":"<h3>Employment law is at the core of ASCENT<\/h3>\n<p>As a business law firm structured around a group of specialists in <strong>employment law<\/strong>, ASCENT has developed <strong>strong expertise<\/strong> in consulting and litigation, to meet the needs of <strong>French and international companies<\/strong>, groups, <strong>voluntary organizations<\/strong> and <strong>startups<\/strong>.<\/p>\n<p>ASCENT is a law firm that understands employment law as a tool for <strong>organizing<\/strong> the company and improving the <strong>performance<\/strong> of its <strong>human resources<\/strong>.<\/p>\n<h3>A group combining Human Resources and Employment Law<\/h3>\n<p>For its clients\u2019 HR projects, ASCENT works with privileged partners with specific skills, such as <strong>consulting<\/strong> firms, <strong>psychosocial risk<\/strong> prevention organizations, <strong>professional development<\/strong> coaches, and more.<\/p>\n<p>The proven experience of its litigation partners ensures a relevant and accurate assessment of social, criminal and financial risk, as well as a detailed and targeted strategy for <strong>resolving disputes<\/strong>.<\/p>\n<p>ASCENT brings lawyers specializing in other areas of business law to work with this employment law group to meet the specific demands of companies.<\/p>\n<h3>A wide range of economic sectors<\/h3>\n<p>Our clients are active in: insurance, agro-food, banking, cosmetics, digital, packaging, education, clothing, high tech, media, metallurgy, the community sector, consulting, telecommunications, tourism, road and rail transport, and more.<\/p>\n<h3>What brought us together at ASCENT<\/h3>\n<p><strong><img loading=\"lazy\" decoding=\"async\" class=\"alignleft wp-image-1490\" src=\"https:\/\/www.ascent-avocats.fr\/wp-content\/uploads\/2017\/11\/ASCENT-PHOTOS-NB-7-800.jpg\" alt=\"\" width=\"370\" height=\"247\" srcset=\"https:\/\/www.ascent-avocats.fr\/wp-content\/uploads\/2017\/11\/ASCENT-PHOTOS-NB-7-800.jpg 800w, https:\/\/www.ascent-avocats.fr\/wp-content\/uploads\/2017\/11\/ASCENT-PHOTOS-NB-7-800-300x200.jpg 300w, https:\/\/www.ascent-avocats.fr\/wp-content\/uploads\/2017\/11\/ASCENT-PHOTOS-NB-7-800-768x512.jpg 768w\" sizes=\"auto, (max-width: 370px) 100vw, 370px\" \/><\/strong><\/p>\n<p><strong>Marie-H\u00e9l\u00e8ne Fournier <\/strong>and <strong>Jos\u00e9phine Imbert<\/strong> are, above all, <strong>experienced<\/strong>, <strong>positive<\/strong> and <strong>combative <\/strong>lawyers.<\/p>\n<p>Specializing in employment law, they shared a professional journey in Barth\u00e9l\u00e9my &amp; Associ\u00e9s, where they worked for several years on the same team.<\/p>\n<p>They understood each other immediately because they share the same vision of their practice, based on a close working relationship with their clients, an understanding of the strategic and human challenges faced by companies and a strong sense of ethics.<\/p>\n<p>Both pursued their career in <strong>business law firms<\/strong> where they brought their know-how as experts in the field of employment law to cases including broader issues of company law, competition law and insolvency.<\/p>\n<p>They share the conviction that employment law is essential to the success of companies.<\/p>\n<h3>And outside work &#8230;<\/h3>\n<p>&#8220;We have the same passion for <strong>mountains<\/strong> and running. Our commitment to <strong>self-improvement<\/strong> is a constant in our profession as well as our personal life &#8230; We also love dance and opera and actively support them through sponsorship.&#8221;<\/p>\n<p>ASCENT supports &#8220;Compagnie des Guides de Chamonix Relief Fund&#8221;, &#8220;Fondation J\u00e9r\u00f4me Lejeune&#8221; and &#8220;Vert-Avenir &#8211; Enfance au Vietnam&#8221;.<\/p>\n<p><a href=\"https:\/\/www.ascent-avocats.fr\/en\/ascent-supports\/\">See ASCENT supports<\/a><\/p>\n<h3>ASCENT values<\/h3>\n<div class=\"clear\"><\/div><div class=\"gdlr-space\" style=\"margin-top: 40px;\"><\/div>\n<div class=\"gdlr-shortcode-wrapper gdlr-row-shortcode\">\n\n<div class=\"four columns\"><div class=\"gdlr-item gdlr-column-shortcode\"><div class=\"gdlr-shortcode-wrapper\"><div class=\"gdlr-box-with-icon-ux gdlr-ux\"><div class=\"gdlr-item gdlr-box-with-icon-item pos-left type-circle\" ><div class=\"box-with-circle-icon\" style=\"background-color: #49d5c0\"><i class=\"fa icon-link\"  style=\"color:#ffffff;\" ><\/i><br><\/div><h4 class=\"box-with-icon-title\">Learning<\/h4><div class=\"clear\"><\/div><div class=\"box-with-icon-caption\"><\/div><\/div><\/div><\/div>\n<\/div><\/div>\n\n<div class=\"four columns\"><div class=\"gdlr-item gdlr-column-shortcode\"><div class=\"gdlr-shortcode-wrapper\"><div class=\"gdlr-box-with-icon-ux gdlr-ux\"><div class=\"gdlr-item gdlr-box-with-icon-item pos-left type-circle\" ><div class=\"box-with-circle-icon\" style=\"background-color: #49d5c0\"><i class=\"fa icon-link\"  style=\"color:#ffffff;\" ><\/i><br><\/div><h4 class=\"box-with-icon-title\">Conviction<\/h4><div class=\"clear\"><\/div><div class=\"box-with-icon-caption\"><\/div><\/div><\/div><\/div>\n<\/div><\/div>\n\n<div class=\"four columns\"><div class=\"gdlr-item gdlr-column-shortcode\"><div class=\"gdlr-shortcode-wrapper\"><div class=\"gdlr-box-with-icon-ux gdlr-ux\"><div class=\"gdlr-item gdlr-box-with-icon-item pos-left type-circle\" ><div class=\"box-with-circle-icon\" style=\"background-color: #49d5c0\"><i class=\"fa icon-link\"  style=\"color:#ffffff;\" ><\/i><br><\/div><h4 class=\"box-with-icon-title\">Ethics<\/h4><div class=\"clear\"><\/div><div class=\"box-with-icon-caption\"><\/div><\/div><\/div><\/div>\n<\/div><\/div>\n\n<div class=\"clear\"><\/div><\/div>\n<p><br style=\"clear: both;\" \/><br \/>\n<br style=\"clear: both;\" \/><\/p>\n","protected":false},"excerpt":{"rendered":"<p>Employment law is at the core of ASCENT As a business law firm structured around a group of specialists in employment law, ASCENT has developed strong expertise in consulting and litigation, to meet the needs of French and international companies, groups, voluntary organizations and startups. ASCENT is a law firm that understands employment law as&#8230; <a href=\"https:\/\/www.ascent-avocats.fr\/en\/ascent\/\" class=\"excerpt-read-more\">Read More<\/a><\/p>\n","protected":false},"author":1,"featured_media":0,"parent":0,"menu_order":0,"comment_status":"closed","ping_status":"closed","template":"","meta":{"footnotes":""},"class_list":["post-1575","page","type-page","status-publish","hentry"],"yoast_head":"<!-- This site is optimized with the Yoast SEO plugin v27.2 - https:\/\/yoast.com\/product\/yoast-seo-wordpress\/ -->\n<title>Ascent | Ascent Avocats<\/title>\n<meta name=\"robots\" content=\"index, follow, max-snippet:-1, max-image-preview:large, max-video-preview:-1\" \/>\n<link rel=\"canonical\" href=\"https:\/\/www.ascent-avocats.fr\/en\/ascent\/\" \/>\n<meta property=\"og:locale\" content=\"en_US\" \/>\n<meta property=\"og:type\" content=\"article\" \/>\n<meta property=\"og:title\" content=\"Ascent | Ascent Avocats\" \/>\n<meta property=\"og:description\" content=\"Employment law is at the core of ASCENT As a business law firm structured around a group of specialists in employment law, ASCENT has developed strong expertise in consulting and litigation, to meet the needs of French and international companies, groups, voluntary organizations and startups. ASCENT is a law firm that understands employment law as... Read More\" \/>\n<meta property=\"og:url\" content=\"https:\/\/www.ascent-avocats.fr\/en\/ascent\/\" \/>\n<meta property=\"og:site_name\" content=\"Ascent Avocats\" \/>\n<meta property=\"article:modified_time\" content=\"2024-12-17T18:15:55+00:00\" \/>\n<meta property=\"og:image\" content=\"https:\/\/www.ascent-avocats.fr\/wp-content\/uploads\/2017\/11\/ASCENT-PHOTOS-NB-7-800.jpg\" \/>\n\t<meta property=\"og:image:width\" content=\"800\" \/>\n\t<meta property=\"og:image:height\" content=\"533\" \/>\n\t<meta property=\"og:image:type\" content=\"image\/jpeg\" \/>\n<meta name=\"twitter:card\" content=\"summary_large_image\" \/>\n<meta name=\"twitter:label1\" content=\"Est. reading time\" \/>\n\t<meta name=\"twitter:data1\" content=\"3 minutes\" \/>\n<script type=\"application\/ld+json\" class=\"yoast-schema-graph\">{\"@context\":\"https:\/\/schema.org\",\"@graph\":[{\"@type\":\"WebPage\",\"@id\":\"https:\/\/www.ascent-avocats.fr\/en\/ascent\/\",\"url\":\"https:\/\/www.ascent-avocats.fr\/en\/ascent\/\",\"name\":\"Ascent | Ascent Avocats\",\"isPartOf\":{\"@id\":\"https:\/\/www.ascent-avocats.fr\/#website\"},\"primaryImageOfPage\":{\"@id\":\"https:\/\/www.ascent-avocats.fr\/en\/ascent\/#primaryimage\"},\"image\":{\"@id\":\"https:\/\/www.ascent-avocats.fr\/en\/ascent\/#primaryimage\"},\"thumbnailUrl\":\"https:\/\/www.ascent-avocats.fr\/wp-content\/uploads\/2017\/11\/ASCENT-PHOTOS-NB-7-800.jpg\",\"datePublished\":\"2017-12-15T06:41:56+00:00\",\"dateModified\":\"2024-12-17T18:15:55+00:00\",\"breadcrumb\":{\"@id\":\"https:\/\/www.ascent-avocats.fr\/en\/ascent\/#breadcrumb\"},\"inLanguage\":\"en-US\",\"potentialAction\":[{\"@type\":\"ReadAction\",\"target\":[\"https:\/\/www.ascent-avocats.fr\/en\/ascent\/\"]}]},{\"@type\":\"ImageObject\",\"inLanguage\":\"en-US\",\"@id\":\"https:\/\/www.ascent-avocats.fr\/en\/ascent\/#primaryimage\",\"url\":\"https:\/\/www.ascent-avocats.fr\/wp-content\/uploads\/2017\/11\/ASCENT-PHOTOS-NB-7-800.jpg\",\"contentUrl\":\"https:\/\/www.ascent-avocats.fr\/wp-content\/uploads\/2017\/11\/ASCENT-PHOTOS-NB-7-800.jpg\"},{\"@type\":\"BreadcrumbList\",\"@id\":\"https:\/\/www.ascent-avocats.fr\/en\/ascent\/#breadcrumb\",\"itemListElement\":[{\"@type\":\"ListItem\",\"position\":1,\"name\":\"Home\",\"item\":\"https:\/\/www.ascent-avocats.fr\/en\/\"},{\"@type\":\"ListItem\",\"position\":2,\"name\":\"Ascent\"}]},{\"@type\":\"WebSite\",\"@id\":\"https:\/\/www.ascent-avocats.fr\/#website\",\"url\":\"https:\/\/www.ascent-avocats.fr\/\",\"name\":\"Ascent Avocats\",\"description\":\"Avocats sp\u00e9cialistes en droit social Conseil en ressources humaines\",\"publisher\":{\"@id\":\"https:\/\/www.ascent-avocats.fr\/#organization\"},\"potentialAction\":[{\"@type\":\"SearchAction\",\"target\":{\"@type\":\"EntryPoint\",\"urlTemplate\":\"https:\/\/www.ascent-avocats.fr\/?s={search_term_string}\"},\"query-input\":{\"@type\":\"PropertyValueSpecification\",\"valueRequired\":true,\"valueName\":\"search_term_string\"}}],\"inLanguage\":\"en-US\"},{\"@type\":\"Organization\",\"@id\":\"https:\/\/www.ascent-avocats.fr\/#organization\",\"name\":\"Ascent Avocats - Social Law\",\"url\":\"https:\/\/www.ascent-avocats.fr\/\",\"logo\":{\"@type\":\"ImageObject\",\"inLanguage\":\"en-US\",\"@id\":\"https:\/\/www.ascent-avocats.fr\/#\/schema\/logo\/image\/\",\"url\":\"https:\/\/www.ascent-avocats.fr\/wp-content\/uploads\/2020\/05\/Logo-Ascent.jpg\",\"contentUrl\":\"https:\/\/www.ascent-avocats.fr\/wp-content\/uploads\/2020\/05\/Logo-Ascent.jpg\",\"width\":853,\"height\":280,\"caption\":\"Ascent Avocats - Social Law\"},\"image\":{\"@id\":\"https:\/\/www.ascent-avocats.fr\/#\/schema\/logo\/image\/\"}}]}<\/script>\n<!-- \/ Yoast SEO plugin. -->","yoast_head_json":{"title":"Ascent | Ascent Avocats","robots":{"index":"index","follow":"follow","max-snippet":"max-snippet:-1","max-image-preview":"max-image-preview:large","max-video-preview":"max-video-preview:-1"},"canonical":"https:\/\/www.ascent-avocats.fr\/en\/ascent\/","og_locale":"en_US","og_type":"article","og_title":"Ascent | Ascent Avocats","og_description":"Employment law is at the core of ASCENT As a business law firm structured around a group of specialists in employment law, ASCENT has developed strong expertise in consulting and litigation, to meet the needs of French and international companies, groups, voluntary organizations and startups. ASCENT is a law firm that understands employment law as... Read More","og_url":"https:\/\/www.ascent-avocats.fr\/en\/ascent\/","og_site_name":"Ascent Avocats","article_modified_time":"2024-12-17T18:15:55+00:00","og_image":[{"width":800,"height":533,"url":"https:\/\/www.ascent-avocats.fr\/wp-content\/uploads\/2017\/11\/ASCENT-PHOTOS-NB-7-800.jpg","type":"image\/jpeg"}],"twitter_card":"summary_large_image","twitter_misc":{"Est. reading time":"3 minutes"},"schema":{"@context":"https:\/\/schema.org","@graph":[{"@type":"WebPage","@id":"https:\/\/www.ascent-avocats.fr\/en\/ascent\/","url":"https:\/\/www.ascent-avocats.fr\/en\/ascent\/","name":"Ascent | Ascent Avocats","isPartOf":{"@id":"https:\/\/www.ascent-avocats.fr\/#website"},"primaryImageOfPage":{"@id":"https:\/\/www.ascent-avocats.fr\/en\/ascent\/#primaryimage"},"image":{"@id":"https:\/\/www.ascent-avocats.fr\/en\/ascent\/#primaryimage"},"thumbnailUrl":"https:\/\/www.ascent-avocats.fr\/wp-content\/uploads\/2017\/11\/ASCENT-PHOTOS-NB-7-800.jpg","datePublished":"2017-12-15T06:41:56+00:00","dateModified":"2024-12-17T18:15:55+00:00","breadcrumb":{"@id":"https:\/\/www.ascent-avocats.fr\/en\/ascent\/#breadcrumb"},"inLanguage":"en-US","potentialAction":[{"@type":"ReadAction","target":["https:\/\/www.ascent-avocats.fr\/en\/ascent\/"]}]},{"@type":"ImageObject","inLanguage":"en-US","@id":"https:\/\/www.ascent-avocats.fr\/en\/ascent\/#primaryimage","url":"https:\/\/www.ascent-avocats.fr\/wp-content\/uploads\/2017\/11\/ASCENT-PHOTOS-NB-7-800.jpg","contentUrl":"https:\/\/www.ascent-avocats.fr\/wp-content\/uploads\/2017\/11\/ASCENT-PHOTOS-NB-7-800.jpg"},{"@type":"BreadcrumbList","@id":"https:\/\/www.ascent-avocats.fr\/en\/ascent\/#breadcrumb","itemListElement":[{"@type":"ListItem","position":1,"name":"Home","item":"https:\/\/www.ascent-avocats.fr\/en\/"},{"@type":"ListItem","position":2,"name":"Ascent"}]},{"@type":"WebSite","@id":"https:\/\/www.ascent-avocats.fr\/#website","url":"https:\/\/www.ascent-avocats.fr\/","name":"Ascent Avocats","description":"Avocats sp\u00e9cialistes en droit social Conseil en ressources humaines","publisher":{"@id":"https:\/\/www.ascent-avocats.fr\/#organization"},"potentialAction":[{"@type":"SearchAction","target":{"@type":"EntryPoint","urlTemplate":"https:\/\/www.ascent-avocats.fr\/?s={search_term_string}"},"query-input":{"@type":"PropertyValueSpecification","valueRequired":true,"valueName":"search_term_string"}}],"inLanguage":"en-US"},{"@type":"Organization","@id":"https:\/\/www.ascent-avocats.fr\/#organization","name":"Ascent Avocats - Social Law","url":"https:\/\/www.ascent-avocats.fr\/","logo":{"@type":"ImageObject","inLanguage":"en-US","@id":"https:\/\/www.ascent-avocats.fr\/#\/schema\/logo\/image\/","url":"https:\/\/www.ascent-avocats.fr\/wp-content\/uploads\/2020\/05\/Logo-Ascent.jpg","contentUrl":"https:\/\/www.ascent-avocats.fr\/wp-content\/uploads\/2020\/05\/Logo-Ascent.jpg","width":853,"height":280,"caption":"Ascent Avocats - Social Law"},"image":{"@id":"https:\/\/www.ascent-avocats.fr\/#\/schema\/logo\/image\/"}}]}},"_links":{"self":[{"href":"https:\/\/www.ascent-avocats.fr\/en\/wp-json\/wp\/v2\/pages\/1575","targetHints":{"allow":["GET"]}}],"collection":[{"href":"https:\/\/www.ascent-avocats.fr\/en\/wp-json\/wp\/v2\/pages"}],"about":[{"href":"https:\/\/www.ascent-avocats.fr\/en\/wp-json\/wp\/v2\/types\/page"}],"author":[{"embeddable":true,"href":"https:\/\/www.ascent-avocats.fr\/en\/wp-json\/wp\/v2\/users\/1"}],"replies":[{"embeddable":true,"href":"https:\/\/www.ascent-avocats.fr\/en\/wp-json\/wp\/v2\/comments?post=1575"}],"version-history":[{"count":0,"href":"https:\/\/www.ascent-avocats.fr\/en\/wp-json\/wp\/v2\/pages\/1575\/revisions"}],"wp:attachment":[{"href":"https:\/\/www.ascent-avocats.fr\/en\/wp-json\/wp\/v2\/media?parent=1575"}],"curies":[{"name":"wp","href":"https:\/\/api.w.org\/{rel}","templated":true}]}}