{"id":1583,"date":"2017-11-13T18:42:59","date_gmt":"2017-11-13T18:42:59","guid":{"rendered":"https:\/\/www.ascent-avocats.fr\/?page_id=1583\/"},"modified":"2024-04-30T20:28:36","modified_gmt":"2024-04-30T18:28:36","slug":"full-legal-notice","status":"publish","type":"page","link":"https:\/\/www.ascent-avocats.fr\/en\/full-legal-notice\/","title":{"rendered":"Full legal notice"},"content":{"rendered":"<p>Le site www.ascent-avocats.fr est exploit\u00e9 par la Soci\u00e9t\u00e9 d&#8217;Exercice Lib\u00e9ral \u00e0 Responsabilit\u00e9 Limit\u00e9e :<br \/>\nAscent Avocats<\/p>\n<h4><strong>Informations l\u00e9gales<br \/>\n<\/strong><\/h4>\n<p>Adresse de l\u2019\u00e9tablissement Ascent Avocats :<br \/>\nAscent Avocats<br \/>\n12, avenue Victor Hugo<br \/>\n75116 Paris<br \/>\n09 81 24 54 56<br \/>\nAssociation d\u2019avocats \u00e0 responsabilit\u00e9 professionnelle individuelle<br \/>\nSiret : N\u00b082923474900010<br \/>\nCode NAF : 6910Z<\/p>\n<h4><strong>Intervenants sur le site<\/strong><\/h4>\n<p>En vertu de l\u2019article 6 de la loi n\u00b0 2004-575 du 21 juin 2004 pour la confiance dans l\u2019\u00e9conomie num\u00e9rique, il est pr\u00e9cis\u00e9 aux utilisateurs l\u2019identit\u00e9 des diff\u00e9rents intervenants dans le cadre de la r\u00e9alisation et le suivi du site www.ascent-avocats.fr.<\/p>\n<p>Responsable de la publication du site pour Ascent Avocats :<br \/>\nMarie-H\u00e9l\u00e8ne Fournier &amp; Jos\u00e9phine Imbert : Contact<\/p>\n<p>Cr\u00e9ation du site : soci\u00e9t\u00e9 C\u00e9kane<br \/>\nSi\u00e8ge social : 10\/12 impasse Del\u00e9pine 75011 Paris.<br \/>\nRCS : Paris 484 435 318<\/p>\n<p>H\u00e9bergement du site : soci\u00e9t\u00e9 Nuxit Groupe Magic Online<br \/>\n130-134 Avenue du Pr\u00e9sident Wilson 93512 Montreuil sous Bois Cedex<br \/>\nTel : +33 1 41 58 22 50 \u2013 Email : info@magic.fr<br \/>\nSiret\u00a0: 45114675700054<\/p>\n<p>Cr\u00e9dit photos :<br \/>\nPhotos Associ\u00e9es Ascent : Leslie Delamarre<br \/>\nPhotos montagne : Leslie Delamarre et Istock<\/p>\n<h4><strong>Conditions g\u00e9n\u00e9rales d\u2019utilisation du site et des services propos\u00e9s<\/strong><\/h4>\n<p>L\u2019utilisation du site www.ascent-avocats.fr implique l\u2019acceptation pleine et enti\u00e8re des conditions g\u00e9n\u00e9rales d\u2019utilisation ci-apr\u00e8s d\u00e9crites. Ces conditions d\u2019utilisation sont susceptibles d\u2019\u00eatre modifi\u00e9es ou compl\u00e9t\u00e9es \u00e0 tout moment, les utilisateurs du site sont donc invit\u00e9s \u00e0 les consulter de mani\u00e8re r\u00e9guli\u00e8re. Ce site est normalement accessible \u00e0 tout moment aux utilisateurs. Une interruption pour raison de maintenance technique peut \u00eatre toutefois d\u00e9cid\u00e9e par www.ascent-avocats.fr, qui s\u2019efforcera alors de communiquer pr\u00e9alablement aux utilisateurs les dates et heures de l\u2019intervention. Le site www.ascent-avocats.fr est mis \u00e0 jour r\u00e9guli\u00e8rement. De la m\u00eame fa\u00e7on, les mentions l\u00e9gales peuvent \u00eatre modifi\u00e9es \u00e0 tout moment : elles s\u2019imposent n\u00e9anmoins \u00e0 l\u2019utilisateur qui est invit\u00e9 \u00e0 s\u2019y r\u00e9f\u00e9rer le plus souvent possible afin d\u2019en prendre connaissance.<\/p>\n<h4><strong>Description des services fournis<\/strong><\/h4>\n<p>Le site www.ascent-avocats.fr a pour objet de fournir une information concernant l\u2019ensemble des activit\u00e9s de la soci\u00e9t\u00e9. Il ne pourra \u00eatre tenue responsable des omissions, des inexactitudes et des carences dans la mise \u00e0 jour, qu\u2019elles soient de son fait ou du fait des tiers partenaires qui lui fournissent ces informations. Tous les informations indiqu\u00e9es sur le site www.ascent-avocats.fr sont donn\u00e9es \u00e0 titre indicatif, et sont susceptibles d\u2019\u00e9voluer. Par ailleurs, les renseignements figurants sur le site www.ascent-avocats.fr ne sont pas exhaustifs. Ils sont donn\u00e9s sous r\u00e9serve de modifications ayant \u00e9t\u00e9 apport\u00e9es depuis leur mise en ligne.<\/p>\n<h4><strong>Limitations contractuelles sur les donn\u00e9es techniques<\/strong><\/h4>\n<p>Le site Internet ne pourra \u00eatre tenu responsable de dommages mat\u00e9riels li\u00e9s \u00e0 l\u2019utilisation du site. De plus, l\u2019utilisateur du site s\u2019engage \u00e0 acc\u00e9der au site en utilisant un mat\u00e9riel r\u00e9cent, ne contenant pas de virus et avec un navigateur de derni\u00e8re g\u00e9n\u00e9ration mis-\u00e0-jour.<\/p>\n<h4><strong>Propri\u00e9t\u00e9 intellectuelle et contrefa\u00e7ons<\/strong><\/h4>\n<p>Ascent Avocats est propri\u00e9taire des droits de propri\u00e9t\u00e9 intellectuelle ou d\u00e9tient les droits d\u2019usage sur tous les \u00e9l\u00e9ments accessibles sur le site, notamment les textes, images, graphismes, logo, ic\u00f4nes, sons, logiciels. Toute reproduction, repr\u00e9sentation, modification, publication, adaptation de tout ou partie des \u00e9l\u00e9ments du site, quel que soit le moyen ou le proc\u00e9d\u00e9 utilis\u00e9, est interdite, sauf autorisation \u00e9crite pr\u00e9alable de Ascent Avocats. Toute exploitation non autoris\u00e9e du site ou d\u2019un quelconque des \u00e9l\u00e9ments qu\u2019il contient sera consid\u00e9r\u00e9e comme constitutive d\u2019une contrefa\u00e7on et poursuivie conform\u00e9ment aux dispositions des articles L.335-2 et suivants du Code de Propri\u00e9t\u00e9 Intellectuelle.<\/p>\n<h4><strong>Limitations de responsabilit\u00e9<\/strong><\/h4>\n<p>Ascent Avocats ne pourra \u00eatre tenue responsable des dommages directs et indirects caus\u00e9s au mat\u00e9riel de l\u2019utilisateur, lors de l\u2019acc\u00e8s au site et r\u00e9sultant soit de l\u2019utilisation d\u2019un mat\u00e9riel ne r\u00e9pondant pas aux sp\u00e9cifications courantes et r\u00e9centes, soit de l\u2019apparition d\u2019un bug ou d\u2019une incompatibilit\u00e9. Ascent Avocats ne pourra \u00e9galement \u00eatre tenue responsable des dommages indirects (tels par exemple qu\u2019une perte de march\u00e9 ou perte d\u2019une chance) cons\u00e9cutifs \u00e0 l\u2019utilisation du site www.ascent-avocats.fr.<\/p>\n<h4>Gestion des donn\u00e9es personnelles<\/h4>\n<p>Voir page : <a href=\"\/politique-de-confidentialite\/\">Politique de confidentialit\u00e9<\/a><\/p>\n","protected":false},"excerpt":{"rendered":"<p>Le site www.ascent-avocats.fr est exploit\u00e9 par la Soci\u00e9t\u00e9 d&#8217;Exercice Lib\u00e9ral \u00e0 Responsabilit\u00e9 Limit\u00e9e : Ascent Avocats Informations l\u00e9gales Adresse de l\u2019\u00e9tablissement Ascent Avocats : Ascent Avocats 12, avenue Victor Hugo 75116 Paris 09 81 24 54 56 Association d\u2019avocats \u00e0 responsabilit\u00e9 professionnelle individuelle Siret : N\u00b082923474900010 Code NAF : 6910Z Intervenants sur le site En&#8230; <a href=\"https:\/\/www.ascent-avocats.fr\/en\/full-legal-notice\/\" class=\"excerpt-read-more\">Read More<\/a><\/p>\n","protected":false},"author":1,"featured_media":0,"parent":0,"menu_order":0,"comment_status":"closed","ping_status":"closed","template":"","meta":{"footnotes":""},"class_list":["post-1583","page","type-page","status-publish","hentry"],"yoast_head":"<!-- This site is optimized with the Yoast SEO plugin v27.2 - https:\/\/yoast.com\/product\/yoast-seo-wordpress\/ -->\n<title>Full legal notice | Ascent Avocats<\/title>\n<meta name=\"robots\" content=\"index, follow, max-snippet:-1, max-image-preview:large, max-video-preview:-1\" \/>\n<link rel=\"canonical\" href=\"https:\/\/www.ascent-avocats.fr\/en\/full-legal-notice\/\" \/>\n<meta property=\"og:locale\" content=\"en_US\" \/>\n<meta property=\"og:type\" content=\"article\" \/>\n<meta property=\"og:title\" content=\"Full legal notice | Ascent Avocats\" \/>\n<meta property=\"og:description\" content=\"Le site www.ascent-avocats.fr est exploit\u00e9 par la Soci\u00e9t\u00e9 d&#8217;Exercice Lib\u00e9ral \u00e0 Responsabilit\u00e9 Limit\u00e9e : Ascent Avocats Informations l\u00e9gales Adresse de l\u2019\u00e9tablissement Ascent Avocats : Ascent Avocats 12, avenue Victor Hugo 75116 Paris 09 81 24 54 56 Association d\u2019avocats \u00e0 responsabilit\u00e9 professionnelle individuelle Siret : N\u00b082923474900010 Code NAF : 6910Z Intervenants sur le site En... Read More\" \/>\n<meta property=\"og:url\" content=\"https:\/\/www.ascent-avocats.fr\/en\/full-legal-notice\/\" \/>\n<meta property=\"og:site_name\" content=\"Ascent Avocats\" \/>\n<meta property=\"article:modified_time\" content=\"2024-04-30T18:28:36+00:00\" \/>\n<meta name=\"twitter:card\" content=\"summary_large_image\" \/>\n<meta name=\"twitter:label1\" content=\"Est. reading time\" \/>\n\t<meta name=\"twitter:data1\" content=\"4 minutes\" \/>\n<script type=\"application\/ld+json\" class=\"yoast-schema-graph\">{\"@context\":\"https:\/\/schema.org\",\"@graph\":[{\"@type\":\"WebPage\",\"@id\":\"https:\/\/www.ascent-avocats.fr\/en\/full-legal-notice\/\",\"url\":\"https:\/\/www.ascent-avocats.fr\/en\/full-legal-notice\/\",\"name\":\"Full legal notice | Ascent Avocats\",\"isPartOf\":{\"@id\":\"https:\/\/www.ascent-avocats.fr\/#website\"},\"datePublished\":\"2017-11-13T18:42:59+00:00\",\"dateModified\":\"2024-04-30T18:28:36+00:00\",\"breadcrumb\":{\"@id\":\"https:\/\/www.ascent-avocats.fr\/en\/full-legal-notice\/#breadcrumb\"},\"inLanguage\":\"en-US\",\"potentialAction\":[{\"@type\":\"ReadAction\",\"target\":[\"https:\/\/www.ascent-avocats.fr\/en\/full-legal-notice\/\"]}]},{\"@type\":\"BreadcrumbList\",\"@id\":\"https:\/\/www.ascent-avocats.fr\/en\/full-legal-notice\/#breadcrumb\",\"itemListElement\":[{\"@type\":\"ListItem\",\"position\":1,\"name\":\"Home\",\"item\":\"https:\/\/www.ascent-avocats.fr\/en\/\"},{\"@type\":\"ListItem\",\"position\":2,\"name\":\"Full legal notice\"}]},{\"@type\":\"WebSite\",\"@id\":\"https:\/\/www.ascent-avocats.fr\/#website\",\"url\":\"https:\/\/www.ascent-avocats.fr\/\",\"name\":\"Ascent Avocats\",\"description\":\"Avocats sp\u00e9cialistes en droit social Conseil en ressources humaines\",\"publisher\":{\"@id\":\"https:\/\/www.ascent-avocats.fr\/#organization\"},\"potentialAction\":[{\"@type\":\"SearchAction\",\"target\":{\"@type\":\"EntryPoint\",\"urlTemplate\":\"https:\/\/www.ascent-avocats.fr\/?s={search_term_string}\"},\"query-input\":{\"@type\":\"PropertyValueSpecification\",\"valueRequired\":true,\"valueName\":\"search_term_string\"}}],\"inLanguage\":\"en-US\"},{\"@type\":\"Organization\",\"@id\":\"https:\/\/www.ascent-avocats.fr\/#organization\",\"name\":\"Ascent Avocats - Social Law\",\"url\":\"https:\/\/www.ascent-avocats.fr\/\",\"logo\":{\"@type\":\"ImageObject\",\"inLanguage\":\"en-US\",\"@id\":\"https:\/\/www.ascent-avocats.fr\/#\/schema\/logo\/image\/\",\"url\":\"https:\/\/www.ascent-avocats.fr\/wp-content\/uploads\/2020\/05\/Logo-Ascent.jpg\",\"contentUrl\":\"https:\/\/www.ascent-avocats.fr\/wp-content\/uploads\/2020\/05\/Logo-Ascent.jpg\",\"width\":853,\"height\":280,\"caption\":\"Ascent Avocats - Social Law\"},\"image\":{\"@id\":\"https:\/\/www.ascent-avocats.fr\/#\/schema\/logo\/image\/\"}}]}<\/script>\n<!-- \/ Yoast SEO plugin. -->","yoast_head_json":{"title":"Full legal notice | Ascent Avocats","robots":{"index":"index","follow":"follow","max-snippet":"max-snippet:-1","max-image-preview":"max-image-preview:large","max-video-preview":"max-video-preview:-1"},"canonical":"https:\/\/www.ascent-avocats.fr\/en\/full-legal-notice\/","og_locale":"en_US","og_type":"article","og_title":"Full legal notice | Ascent Avocats","og_description":"Le site www.ascent-avocats.fr est exploit\u00e9 par la Soci\u00e9t\u00e9 d&#8217;Exercice Lib\u00e9ral \u00e0 Responsabilit\u00e9 Limit\u00e9e : Ascent Avocats Informations l\u00e9gales Adresse de l\u2019\u00e9tablissement Ascent Avocats : Ascent Avocats 12, avenue Victor Hugo 75116 Paris 09 81 24 54 56 Association d\u2019avocats \u00e0 responsabilit\u00e9 professionnelle individuelle Siret : N\u00b082923474900010 Code NAF : 6910Z Intervenants sur le site En... Read More","og_url":"https:\/\/www.ascent-avocats.fr\/en\/full-legal-notice\/","og_site_name":"Ascent Avocats","article_modified_time":"2024-04-30T18:28:36+00:00","twitter_card":"summary_large_image","twitter_misc":{"Est. reading time":"4 minutes"},"schema":{"@context":"https:\/\/schema.org","@graph":[{"@type":"WebPage","@id":"https:\/\/www.ascent-avocats.fr\/en\/full-legal-notice\/","url":"https:\/\/www.ascent-avocats.fr\/en\/full-legal-notice\/","name":"Full legal notice | Ascent Avocats","isPartOf":{"@id":"https:\/\/www.ascent-avocats.fr\/#website"},"datePublished":"2017-11-13T18:42:59+00:00","dateModified":"2024-04-30T18:28:36+00:00","breadcrumb":{"@id":"https:\/\/www.ascent-avocats.fr\/en\/full-legal-notice\/#breadcrumb"},"inLanguage":"en-US","potentialAction":[{"@type":"ReadAction","target":["https:\/\/www.ascent-avocats.fr\/en\/full-legal-notice\/"]}]},{"@type":"BreadcrumbList","@id":"https:\/\/www.ascent-avocats.fr\/en\/full-legal-notice\/#breadcrumb","itemListElement":[{"@type":"ListItem","position":1,"name":"Home","item":"https:\/\/www.ascent-avocats.fr\/en\/"},{"@type":"ListItem","position":2,"name":"Full legal notice"}]},{"@type":"WebSite","@id":"https:\/\/www.ascent-avocats.fr\/#website","url":"https:\/\/www.ascent-avocats.fr\/","name":"Ascent Avocats","description":"Avocats sp\u00e9cialistes en droit social Conseil en ressources humaines","publisher":{"@id":"https:\/\/www.ascent-avocats.fr\/#organization"},"potentialAction":[{"@type":"SearchAction","target":{"@type":"EntryPoint","urlTemplate":"https:\/\/www.ascent-avocats.fr\/?s={search_term_string}"},"query-input":{"@type":"PropertyValueSpecification","valueRequired":true,"valueName":"search_term_string"}}],"inLanguage":"en-US"},{"@type":"Organization","@id":"https:\/\/www.ascent-avocats.fr\/#organization","name":"Ascent Avocats - Social Law","url":"https:\/\/www.ascent-avocats.fr\/","logo":{"@type":"ImageObject","inLanguage":"en-US","@id":"https:\/\/www.ascent-avocats.fr\/#\/schema\/logo\/image\/","url":"https:\/\/www.ascent-avocats.fr\/wp-content\/uploads\/2020\/05\/Logo-Ascent.jpg","contentUrl":"https:\/\/www.ascent-avocats.fr\/wp-content\/uploads\/2020\/05\/Logo-Ascent.jpg","width":853,"height":280,"caption":"Ascent Avocats - Social Law"},"image":{"@id":"https:\/\/www.ascent-avocats.fr\/#\/schema\/logo\/image\/"}}]}},"_links":{"self":[{"href":"https:\/\/www.ascent-avocats.fr\/en\/wp-json\/wp\/v2\/pages\/1583","targetHints":{"allow":["GET"]}}],"collection":[{"href":"https:\/\/www.ascent-avocats.fr\/en\/wp-json\/wp\/v2\/pages"}],"about":[{"href":"https:\/\/www.ascent-avocats.fr\/en\/wp-json\/wp\/v2\/types\/page"}],"author":[{"embeddable":true,"href":"https:\/\/www.ascent-avocats.fr\/en\/wp-json\/wp\/v2\/users\/1"}],"replies":[{"embeddable":true,"href":"https:\/\/www.ascent-avocats.fr\/en\/wp-json\/wp\/v2\/comments?post=1583"}],"version-history":[{"count":0,"href":"https:\/\/www.ascent-avocats.fr\/en\/wp-json\/wp\/v2\/pages\/1583\/revisions"}],"wp:attachment":[{"href":"https:\/\/www.ascent-avocats.fr\/en\/wp-json\/wp\/v2\/media?parent=1583"}],"curies":[{"name":"wp","href":"https:\/\/api.w.org\/{rel}","templated":true}]}}